{"id":96,"date":"2021-01-05T11:53:14","date_gmt":"2021-01-05T11:53:14","guid":{"rendered":"https:\/\/www.quizetplus.com\/?page_id=96"},"modified":"2021-01-05T13:13:23","modified_gmt":"2021-01-05T13:13:23","slug":"categorie-galerie","status":"publish","type":"page","link":"https:\/\/www.quizetplus.com\/index.php\/categorie-galerie\/","title":{"rendered":"Cat\u00e9gorie : Galerie"},"content":{"rendered":"\n<p>Regardez toutes les galeries et les images les plus amusantes du Web choisies pour vous. \u00cates-vous curieux de d\u00e9couvrir la premi\u00e8re place dans nos classements ?<\/p>\n\n\n\n<div class=\"ngg-albumoverview default-view\">\n            <div class=\"ngg-album\">\n            <div class=\"ngg-albumcontent\">\n                <div class=\"ngg-thumbnail\">\n                    <a class='gallery_link' href='https:\/\/www.quizetplus.com\/index.php\/categorie-galerie\/top-villes-francaise-les-plus-dangereuse\/'>\n                        <img class=\"Thumb\"\n                             alt=\"top villes  fran\u00e7aise  les plus dangereuse\"\n                             src=\"https:\/\/www.quizetplus.com\/wp-content\/gallery\/top-villes-francaise-les-plus-dangereuse\/cache\/01-Marseille.jpg-nggid0230-ngg0dyn-300x200x100-00f0w010c011r110f110r010t010.jpg\"\/>\n                    <\/a>\n                <\/div>\n                <div class=\"ngg-albumtitle\">\n                  <a class='gallery_link' href='https:\/\/www.quizetplus.com\/index.php\/categorie-galerie\/top-villes-francaise-les-plus-dangereuse\/'>top villes  fran\u00e7aise  les plus dangereuse<\/a>\n                <\/div>\n                <div class=\"ngg-description\">\n                    <p>Lorsque vous souhaitez d\u00e9m\u00e9nager en France, vous prenez le plus d\u2019informations possible sur les villes qui pourraient r\u00e9pondre \u00e0 vos attentes. <\/p>\n                                            <p class=\"ngg-album-gallery-image-counter\"><strong>4<\/strong>&nbsp;Photos<\/p>\n                                    <\/div>\n            <\/div>\n        <\/div>\n            <div class=\"ngg-album\">\n            <div class=\"ngg-albumcontent\">\n                <div class=\"ngg-thumbnail\">\n                    <a class='gallery_link' href='https:\/\/www.quizetplus.com\/index.php\/categorie-galerie\/tendance-de-coupe-de-cheveux-pour-les-plus-de-40-ans\/'>\n                        <img class=\"Thumb\"\n                             alt=\"tendance de coupe de cheveux pour les plus de 40 ans\"\n                             src=\"https:\/\/www.quizetplus.com\/wp-content\/gallery\/tendance-de-coupe-de-cheveux-pour-les-plus-de-40-ans\/cache\/04-Degradee.jpg-nggid0227-ngg0dyn-300x200x100-00f0w010c011r110f110r010t010.jpg\"\/>\n                    <\/a>\n                <\/div>\n                <div class=\"ngg-albumtitle\">\n                  <a class='gallery_link' href='https:\/\/www.quizetplus.com\/index.php\/categorie-galerie\/tendance-de-coupe-de-cheveux-pour-les-plus-de-40-ans\/'>tendance de coupe de cheveux pour les plus de 40 ans<\/a>\n                <\/div>\n                <div class=\"ngg-description\">\n                    <p>\u00c0 40 ans, on a souvent envie de changement, c\u2019est l\u2019\u00e2ge o\u00f9 l'on souhaite davantage s\u2019\u00e9panouir et d\u00e9couvrir de nouvelles choses. Cela passe en partie par son look et sa coiffure, et si vous avez depuis des ann\u00e9es la m\u00eame coupe de cheveux et que cet \u00e9t\u00e9 est pour vous synonyme de renouveau, vous serez ravie de d\u00e9couvrir en images des inspirations des tendances coiffure sp\u00e9cialement s\u00e9lectionn\u00e9es pour vous vous. <\/p>\n                                            <p class=\"ngg-album-gallery-image-counter\"><strong>4<\/strong>&nbsp;Photos<\/p>\n                                    <\/div>\n            <\/div>\n        <\/div>\n            <div class=\"ngg-album\">\n            <div class=\"ngg-albumcontent\">\n                <div class=\"ngg-thumbnail\">\n                    <a class='gallery_link' href='https:\/\/www.quizetplus.com\/index.php\/categorie-galerie\/les-5-voitures-les-plus-laides-de-tous-les-temps\/'>\n                        <img class=\"Thumb\"\n                             alt=\"Les 5 voitures les plus laides de tous les temps\"\n                             src=\"https:\/\/www.quizetplus.com\/wp-content\/gallery\/les-5-voitures-les-plus-laides-de-tous-les-temps\/cache\/01_fiat_duna.jpg-nggid011-ngg0dyn-300x200x100-00f0w010c011r110f110r010t010.jpg\"\/>\n                    <\/a>\n                <\/div>\n                <div class=\"ngg-albumtitle\">\n                  <a class='gallery_link' href='https:\/\/www.quizetplus.com\/index.php\/categorie-galerie\/les-5-voitures-les-plus-laides-de-tous-les-temps\/'>Les 5 voitures les plus laides de tous les temps<\/a>\n                <\/div>\n                <div class=\"ngg-description\">\n                    <p>Nous avons vu beaucoup de voitures belles et laides, mais il y en a qui semblent avoir de l'exclusivit\u00e9, surtout en ce qui concerne la laideur. <\/p>\n                                            <p class=\"ngg-album-gallery-image-counter\"><strong>5<\/strong>&nbsp;Photos<\/p>\n                                    <\/div>\n            <\/div>\n        <\/div>\n            <div class=\"ngg-album\">\n            <div class=\"ngg-albumcontent\">\n                <div class=\"ngg-thumbnail\">\n                    <a class='gallery_link' href='https:\/\/www.quizetplus.com\/index.php\/categorie-galerie\/decouvrez-des-fruits-qui-font-grossir\/'>\n                        <img class=\"Thumb\"\n                             alt=\"D\u00e9couvrez des fruits qui font grossir\"\n                             src=\"https:\/\/www.quizetplus.com\/wp-content\/gallery\/decouvrez-des-fruits-qui-font-grossir\/cache\/01-fichi.jpg-nggid0212-ngg0dyn-300x200x100-00f0w010c011r110f110r010t010.jpg\"\/>\n                    <\/a>\n                <\/div>\n                <div class=\"ngg-albumtitle\">\n                  <a class='gallery_link' href='https:\/\/www.quizetplus.com\/index.php\/categorie-galerie\/decouvrez-des-fruits-qui-font-grossir\/'>D\u00e9couvrez des fruits qui font grossir<\/a>\n                <\/div>\n                <div class=\"ngg-description\">\n                    <p>Combien de fois avons-nous entendu dire qu\u2019il \u00e9tait important de consommer de grandes portions de fruits plusieurs fois par jour pour rester en bonne sant\u00e9? Cela peut vous surprendre, mais ce n\u2019est pas exactement le cas. En fait, les fruits contiennent naturellement des sucres, principalement repr\u00e9sent\u00e9s par le fructose, ils peuvent donc fournir une quantit\u00e9 importante de calories si on exag\u00e8re par portions.<\/p>\n                                            <p class=\"ngg-album-gallery-image-counter\"><strong>4<\/strong>&nbsp;Photos<\/p>\n                                    <\/div>\n            <\/div>\n        <\/div>\n            <div class=\"ngg-album\">\n            <div class=\"ngg-albumcontent\">\n                <div class=\"ngg-thumbnail\">\n                    <a class='gallery_link' href='https:\/\/www.quizetplus.com\/index.php\/categorie-galerie\/nggallery\/gallery\/top-5-des-prenoms-denfants'>\n                        <img class=\"Thumb\"\n                             alt=\"Top 5 des pr\u00e9noms d\u2019enfants\"\n                             src=\"https:\/\/www.quizetplus.com\/wp-content\/gallery\/top-5-des-prenoms-denfants\/cache\/01.jpg-nggid0218-ngg0dyn-300x200x100-00f0w010c011r110f110r010t010.jpg\"\/>\n                    <\/a>\n                <\/div>\n                <div class=\"ngg-albumtitle\">\n                  <a class='gallery_link' href='https:\/\/www.quizetplus.com\/index.php\/categorie-galerie\/nggallery\/gallery\/top-5-des-prenoms-denfants'>Top 5 des pr\u00e9noms d\u2019enfants<\/a>\n                <\/div>\n                <div class=\"ngg-description\">\n                    <p>Choisir le pr\u00e9nom de son enfant est toujours une entreprise difficile, car ce choix devra l\u2019accompagner toute sa vie. Voici un classement des pr\u00e9noms les plus donn\u00e9s et leurs principales caract\u00e9ristiques.<\/p>\n                                            <p class=\"ngg-album-gallery-image-counter\"><strong>5<\/strong>&nbsp;Photos<\/p>\n                                    <\/div>\n            <\/div>\n        <\/div>\n            <div class=\"ngg-album\">\n            <div class=\"ngg-albumcontent\">\n                <div class=\"ngg-thumbnail\">\n                    <a class='gallery_link' href='https:\/\/www.quizetplus.com\/index.php\/categorie-galerie\/toutes-les-tendances-coiffures-de-2021\/'>\n                        <img class=\"Thumb\"\n                             alt=\"Toutes les tendances coiffures de 2021\"\n                             src=\"https:\/\/www.quizetplus.com\/wp-content\/gallery\/toutes-les-tendances-coiffures-de-2019\/cache\/1_coupe-courte-boyish.jpg-nggid0219-ngg0dyn-300x200x100-00f0w010c011r110f110r010t010.jpg\"\/>\n                    <\/a>\n                <\/div>\n                <div class=\"ngg-albumtitle\">\n                  <a class='gallery_link' href='https:\/\/www.quizetplus.com\/index.php\/categorie-galerie\/toutes-les-tendances-coiffures-de-2021\/'>Toutes les tendances coiffures de 2021<\/a>\n                <\/div>\n                <div class=\"ngg-description\">\n                    <p>Qu\u2019elle soit une coupe courte, longue ou une nouvelle coloration, laissez-vous tenter par les tendances coiffure de l\u2019ann\u00e9e 2019. Osez, changez de t\u00eate et inspirez-vous par les id\u00e9es suivantes !<\/p>\n                                            <p class=\"ngg-album-gallery-image-counter\"><strong>5<\/strong>&nbsp;Photos<\/p>\n                                    <\/div>\n            <\/div>\n        <\/div>\n        <div class='ngg-clear'><\/div><\/div>\n\n","protected":false},"excerpt":{"rendered":"<p>Regardez toutes les galeries et les images les plus amusantes du Web choisies pour vous. \u00cates-vous curieux de d\u00e9couvrir la<\/p>\n","protected":false},"author":1,"featured_media":0,"parent":0,"menu_order":0,"comment_status":"closed","ping_status":"closed","template":"","meta":{"ngg_post_thumbnail":0},"_links":{"self":[{"href":"https:\/\/www.quizetplus.com\/index.php\/wp-json\/wp\/v2\/pages\/96"}],"collection":[{"href":"https:\/\/www.quizetplus.com\/index.php\/wp-json\/wp\/v2\/pages"}],"about":[{"href":"https:\/\/www.quizetplus.com\/index.php\/wp-json\/wp\/v2\/types\/page"}],"author":[{"embeddable":true,"href":"https:\/\/www.quizetplus.com\/index.php\/wp-json\/wp\/v2\/users\/1"}],"replies":[{"embeddable":true,"href":"https:\/\/www.quizetplus.com\/index.php\/wp-json\/wp\/v2\/comments?post=96"}],"version-history":[{"count":5,"href":"https:\/\/www.quizetplus.com\/index.php\/wp-json\/wp\/v2\/pages\/96\/revisions"}],"predecessor-version":[{"id":117,"href":"https:\/\/www.quizetplus.com\/index.php\/wp-json\/wp\/v2\/pages\/96\/revisions\/117"}],"wp:attachment":[{"href":"https:\/\/www.quizetplus.com\/index.php\/wp-json\/wp\/v2\/media?parent=96"}],"curies":[{"name":"wp","href":"https:\/\/api.w.org\/{rel}","templated":true}]}}