{"id":410,"date":"2023-02-10T11:08:25","date_gmt":"2023-02-10T11:08:25","guid":{"rendered":"https:\/\/www.quizetplus.com\/?page_id=410"},"modified":"2023-02-10T11:11:25","modified_gmt":"2023-02-10T11:11:25","slug":"top-villes-francaise-les-plus-dangereuse","status":"publish","type":"page","link":"https:\/\/www.quizetplus.com\/index.php\/categorie-galerie\/top-villes-francaise-les-plus-dangereuse\/","title":{"rendered":"Top villes  fran\u00e7aise  les plus dangereuse"},"content":{"rendered":"\n<p>Lorsque vous souhaitez d\u00e9m\u00e9nager en France, vous prenez le plus d&#8217;informations possible sur les villes qui pourraient r\u00e9pondre \u00e0 vos attentes. \u00c9coles, magasins, organismes sont autant d&#8217;\u00e9l\u00e9ments qui peuvent vous orienter. Mais vous souhaitez \u00e9galement pouvoir appr\u00e9cier un confort de vie, une v\u00e9ritable tranquillit\u00e9 au quotidien. Aussi, vous cherchez \u00e0 vous informer sur les endroits les plus sensibles. Nous vous en disons plus.<\/p>\n\n\n\n<!-- default-view.php -->\n<div\n\tclass=\"ngg-galleryoverview default-view \"\n\tid=\"ngg-gallery-72bec1f6281408a21b9031f43625a0f8-1\">\n\n\t\t<!-- Thumbnails -->\n\t\t\t\t<div id=\"ngg-image-0\" class=\"ngg-gallery-thumbnail-box \" >\n\t\t\t\t        <div class=\"ngg-gallery-thumbnail\">\n            <a href=\"https:\/\/www.quizetplus.com\/wp-content\/gallery\/top-villes-francaise-les-plus-dangereuse\/01-Marseille.jpg\"\n               title=\"Marseillais et Marseillaises, vous risquez de vous engatser. Apparemment, les \u00e9trangers ne se sentent pas trop safe chez nous. On \u00e9tait d\u00e9j\u00e0 au courant que Marseille avait un certain niveau de criminalit\u00e9 et que les r\u00e8glements de compte ne rassuraient pas les touristes, mais de l\u00e0 \u00e0 \u00eatre class\u00e9 ville la plus dangereuse d\u2019Europe\u2026\"\n               data-src=\"https:\/\/www.quizetplus.com\/wp-content\/gallery\/top-villes-francaise-les-plus-dangereuse\/01-Marseille.jpg\"\n               data-thumbnail=\"https:\/\/www.quizetplus.com\/wp-content\/gallery\/top-villes-francaise-les-plus-dangereuse\/thumbs\/thumbs_01-Marseille.jpg\"\n               data-image-id=\"30\"\n               data-title=\"01-Marseille\"\n               data-description=\"Marseillais et Marseillaises, vous risquez de vous engatser. Apparemment, les \u00e9trangers ne se sentent pas trop safe chez nous. On \u00e9tait d\u00e9j\u00e0 au courant que Marseille avait un certain niveau de criminalit\u00e9 et que les r\u00e8glements de compte ne rassuraient pas les touristes, mais de l\u00e0 \u00e0 \u00eatre class\u00e9 ville la plus dangereuse d\u2019Europe\u2026\"\n               data-image-slug=\"01-marseille\"\n               class=\"ngg-simplelightbox\" rel=\"72bec1f6281408a21b9031f43625a0f8\">\n                <img\n                    title=\"01-Marseille\"\n                    alt=\"01-Marseille\"\n                    src=\"https:\/\/www.quizetplus.com\/wp-content\/gallery\/top-villes-francaise-les-plus-dangereuse\/thumbs\/thumbs_01-Marseille.jpg\"\n                    width=\"240\"\n                    height=\"240\"\n                    style=\"max-width:100%;\"\n                \/>\n            <\/a>\n        <\/div>\n\t\t\t\t\t\t\t<\/div> \n\t\t\t\n\t\t\t\t<div id=\"ngg-image-1\" class=\"ngg-gallery-thumbnail-box \" >\n\t\t\t\t        <div class=\"ngg-gallery-thumbnail\">\n            <a href=\"https:\/\/www.quizetplus.com\/wp-content\/gallery\/top-villes-francaise-les-plus-dangereuse\/02-Nantes.jpg\"\n               title=\"La ville de Nantes se transformerait-elle en Far-Ouest ? Depuis plusieurs jours, des internautes relaient des publications affirmant que la ville serait devenue plus dangereuse que Bogota, la capitale de la Colombie, une m\u00e9tropole et un pays connus pour la violence engendr\u00e9e, notamment, par les trafics de drogue. Pire, la ville des Ducs de Bretagne ne serait pas la seule \u00e0 devenir un v\u00e9ritable \u00ab coupe-gorge \u00bb, puisque d\u2019autres villes fran\u00e7aises seraient point\u00e9es du doigt.\"\n               data-src=\"https:\/\/www.quizetplus.com\/wp-content\/gallery\/top-villes-francaise-les-plus-dangereuse\/02-Nantes.jpg\"\n               data-thumbnail=\"https:\/\/www.quizetplus.com\/wp-content\/gallery\/top-villes-francaise-les-plus-dangereuse\/thumbs\/thumbs_02-Nantes.jpg\"\n               data-image-id=\"29\"\n               data-title=\"02-Nantes\"\n               data-description=\"La ville de Nantes se transformerait-elle en Far-Ouest ? Depuis plusieurs jours, des internautes relaient des publications affirmant que la ville serait devenue plus dangereuse que Bogota, la capitale de la Colombie, une m\u00e9tropole et un pays connus pour la violence engendr\u00e9e, notamment, par les trafics de drogue. Pire, la ville des Ducs de Bretagne ne serait pas la seule \u00e0 devenir un v\u00e9ritable \u00ab coupe-gorge \u00bb, puisque d\u2019autres villes fran\u00e7aises seraient point\u00e9es du doigt.\"\n               data-image-slug=\"02-nantes\"\n               class=\"ngg-simplelightbox\" rel=\"72bec1f6281408a21b9031f43625a0f8\">\n                <img\n                    title=\"02-Nantes\"\n                    alt=\"02-Nantes\"\n                    src=\"https:\/\/www.quizetplus.com\/wp-content\/gallery\/top-villes-francaise-les-plus-dangereuse\/thumbs\/thumbs_02-Nantes.jpg\"\n                    width=\"240\"\n                    height=\"240\"\n                    style=\"max-width:100%;\"\n                \/>\n            <\/a>\n        <\/div>\n\t\t\t\t\t\t\t<\/div> \n\t\t\t\n\t\t\t\t<div id=\"ngg-image-2\" class=\"ngg-gallery-thumbnail-box \" >\n\t\t\t\t        <div class=\"ngg-gallery-thumbnail\">\n            <a href=\"https:\/\/www.quizetplus.com\/wp-content\/gallery\/top-villes-francaise-les-plus-dangereuse\/03-Bordeaux.jpg\"\n               title=\"Notre ch\u00e8re ville de Bordeaux fait partie des m\u00e9tropoles les plus dynamiques, les plus belles et les plus accueillantes\u2026 Mais qu\u2019en est-il de son ins\u00e9curit\u00e9 ? Une \u00e9tude men\u00e9e par Numbeo, un site internet participatif qui traite des statistiques sur les pays du monde entier, s&#039;est pench\u00e9e sur les indices de criminalit\u00e9 et de s\u00e9curit\u00e9 \u00e0 travers l&#039;Europe de l&#039;Ouest. Et la France y est omnipr\u00e9sente.\"\n               data-src=\"https:\/\/www.quizetplus.com\/wp-content\/gallery\/top-villes-francaise-les-plus-dangereuse\/03-Bordeaux.jpg\"\n               data-thumbnail=\"https:\/\/www.quizetplus.com\/wp-content\/gallery\/top-villes-francaise-les-plus-dangereuse\/thumbs\/thumbs_03-Bordeaux.jpg\"\n               data-image-id=\"28\"\n               data-title=\"03-Bordeaux\"\n               data-description=\"Notre ch\u00e8re ville de Bordeaux fait partie des m\u00e9tropoles les plus dynamiques, les plus belles et les plus accueillantes\u2026 Mais qu\u2019en est-il de son ins\u00e9curit\u00e9 ? Une \u00e9tude men\u00e9e par Numbeo, un site internet participatif qui traite des statistiques sur les pays du monde entier, s&#039;est pench\u00e9e sur les indices de criminalit\u00e9 et de s\u00e9curit\u00e9 \u00e0 travers l&#039;Europe de l&#039;Ouest. Et la France y est omnipr\u00e9sente.\"\n               data-image-slug=\"03-bordeaux\"\n               class=\"ngg-simplelightbox\" rel=\"72bec1f6281408a21b9031f43625a0f8\">\n                <img\n                    title=\"03-Bordeaux\"\n                    alt=\"03-Bordeaux\"\n                    src=\"https:\/\/www.quizetplus.com\/wp-content\/gallery\/top-villes-francaise-les-plus-dangereuse\/thumbs\/thumbs_03-Bordeaux.jpg\"\n                    width=\"240\"\n                    height=\"240\"\n                    style=\"max-width:100%;\"\n                \/>\n            <\/a>\n        <\/div>\n\t\t\t\t\t\t\t<\/div> \n\t\t\t\n\t\t\t\t<div id=\"ngg-image-3\" class=\"ngg-gallery-thumbnail-box \" >\n\t\t\t\t        <div class=\"ngg-gallery-thumbnail\">\n            <a href=\"https:\/\/www.quizetplus.com\/wp-content\/gallery\/top-villes-francaise-les-plus-dangereuse\/04-Grenoble.jpg\"\n               title=\"L&#039;\u00e9tude publi\u00e9e par le &quot; Figaro&quot; sur la base des statistiques communales est un autre angle d&#039;observation que celui du Minist\u00e8re de l&#039;int\u00e9rieur qui a class\u00e9 Grenoble Premi\u00e8re de France pour les agressions violentes et les vols \u00e0 la tire pour 1000 habitants. Un Marseillais, un Toulonnais, un Parisien ... a moins de risque d&#039;\u00eatre attaqu\u00e9 qu&#039;un Grenoblois.\"\n               data-src=\"https:\/\/www.quizetplus.com\/wp-content\/gallery\/top-villes-francaise-les-plus-dangereuse\/04-Grenoble.jpg\"\n               data-thumbnail=\"https:\/\/www.quizetplus.com\/wp-content\/gallery\/top-villes-francaise-les-plus-dangereuse\/thumbs\/thumbs_04-Grenoble.jpg\"\n               data-image-id=\"31\"\n               data-title=\"04-Grenoble\"\n               data-description=\"L&#039;\u00e9tude publi\u00e9e par le &quot; Figaro&quot; sur la base des statistiques communales est un autre angle d&#039;observation que celui du Minist\u00e8re de l&#039;int\u00e9rieur qui a class\u00e9 Grenoble Premi\u00e8re de France pour les agressions violentes et les vols \u00e0 la tire pour 1000 habitants. Un Marseillais, un Toulonnais, un Parisien ... a moins de risque d&#039;\u00eatre attaqu\u00e9 qu&#039;un Grenoblois.\"\n               data-image-slug=\"04-grenoble\"\n               class=\"ngg-simplelightbox\" rel=\"72bec1f6281408a21b9031f43625a0f8\">\n                <img\n                    title=\"04-Grenoble\"\n                    alt=\"04-Grenoble\"\n                    src=\"https:\/\/www.quizetplus.com\/wp-content\/gallery\/top-villes-francaise-les-plus-dangereuse\/thumbs\/thumbs_04-Grenoble.jpg\"\n                    width=\"240\"\n                    height=\"240\"\n                    style=\"max-width:100%;\"\n                \/>\n            <\/a>\n        <\/div>\n\t\t\t\t\t\t\t<\/div> \n\t\t\t\n\t\n\t<br style=\"clear: both\" \/>\n\n\t\n\t\t<!-- Pagination -->\n\t<div class='ngg-clear'><\/div>\t<\/div>\n\n","protected":false},"excerpt":{"rendered":"<p>Lorsque vous souhaitez d\u00e9m\u00e9nager en France, vous prenez le plus d&#8217;informations possible sur les villes qui pourraient r\u00e9pondre \u00e0 vos<\/p>\n","protected":false},"author":1,"featured_media":0,"parent":96,"menu_order":0,"comment_status":"closed","ping_status":"closed","template":"","meta":{"ngg_post_thumbnail":0},"_links":{"self":[{"href":"https:\/\/www.quizetplus.com\/index.php\/wp-json\/wp\/v2\/pages\/410"}],"collection":[{"href":"https:\/\/www.quizetplus.com\/index.php\/wp-json\/wp\/v2\/pages"}],"about":[{"href":"https:\/\/www.quizetplus.com\/index.php\/wp-json\/wp\/v2\/types\/page"}],"author":[{"embeddable":true,"href":"https:\/\/www.quizetplus.com\/index.php\/wp-json\/wp\/v2\/users\/1"}],"replies":[{"embeddable":true,"href":"https:\/\/www.quizetplus.com\/index.php\/wp-json\/wp\/v2\/comments?post=410"}],"version-history":[{"count":2,"href":"https:\/\/www.quizetplus.com\/index.php\/wp-json\/wp\/v2\/pages\/410\/revisions"}],"predecessor-version":[{"id":412,"href":"https:\/\/www.quizetplus.com\/index.php\/wp-json\/wp\/v2\/pages\/410\/revisions\/412"}],"up":[{"embeddable":true,"href":"https:\/\/www.quizetplus.com\/index.php\/wp-json\/wp\/v2\/pages\/96"}],"wp:attachment":[{"href":"https:\/\/www.quizetplus.com\/index.php\/wp-json\/wp\/v2\/media?parent=410"}],"curies":[{"name":"wp","href":"https:\/\/api.w.org\/{rel}","templated":true}]}}