{"id":397,"date":"2023-02-10T10:45:57","date_gmt":"2023-02-10T10:45:57","guid":{"rendered":"https:\/\/www.quizetplus.com\/?page_id=397"},"modified":"2023-02-10T10:54:38","modified_gmt":"2023-02-10T10:54:38","slug":"tendance-de-coupe-de-cheveux-pour-les-plus-de-40-ans","status":"publish","type":"page","link":"https:\/\/www.quizetplus.com\/index.php\/categorie-galerie\/tendance-de-coupe-de-cheveux-pour-les-plus-de-40-ans\/","title":{"rendered":"Tendance de coupe de cheveux pour les plus de 40 ans"},"content":{"rendered":"\n<p>\u00c0 40 ans, on a souvent envie de changement, c\u2019est l\u2019\u00e2ge o\u00f9 l&#8217;on souhaite davantage s\u2019\u00e9panouir et d\u00e9couvrir de nouvelles choses. Cela passe en partie par son look et sa coiffure, et si vous avez depuis des ann\u00e9es la m\u00eame coupe de cheveux et que cet \u00e9t\u00e9 est pour vous synonyme de renouveau, vous serez ravie de d\u00e9couvrir en images des inspirations des tendances coiffure sp\u00e9cialement s\u00e9lectionn\u00e9es pour vous vous<\/p>\n\n\n\n<!-- default-view.php -->\n<div\n\tclass=\"ngg-galleryoverview default-view \"\n\tid=\"ngg-gallery-f3f582d8ba882a34e58f36382749111e-1\">\n\n\t\t<!-- Thumbnails -->\n\t\t\t\t<div id=\"ngg-image-0\" class=\"ngg-gallery-thumbnail-box \" >\n\t\t\t\t        <div class=\"ngg-gallery-thumbnail\">\n            <a href=\"https:\/\/www.quizetplus.com\/wp-content\/gallery\/tendance-de-coupe-de-cheveux-pour-les-plus-de-40-ans\/01-Ondules.jpg\"\n               title=\"Entre lisses et boucl\u00e9s, les cheveux ondul\u00e9s ont tout autant besoin de soins que les autres types de boucle ! Souvent gras en racines mais secs sur les pointes, il est primordial d&#039;utiliser des produits l\u00e9gers mais suffisamment hydratants pour des cheveux souples et doux.\"\n               data-src=\"https:\/\/www.quizetplus.com\/wp-content\/gallery\/tendance-de-coupe-de-cheveux-pour-les-plus-de-40-ans\/01-Ondules.jpg\"\n               data-thumbnail=\"https:\/\/www.quizetplus.com\/wp-content\/gallery\/tendance-de-coupe-de-cheveux-pour-les-plus-de-40-ans\/thumbs\/thumbs_01-Ondules.jpg\"\n               data-image-id=\"26\"\n               data-title=\"01-Ondules\"\n               data-description=\"Entre lisses et boucl\u00e9s, les cheveux ondul\u00e9s ont tout autant besoin de soins que les autres types de boucle ! Souvent gras en racines mais secs sur les pointes, il est primordial d&#039;utiliser des produits l\u00e9gers mais suffisamment hydratants pour des cheveux souples et doux.\"\n               data-image-slug=\"01-ondules\"\n               class=\"ngg-simplelightbox\" rel=\"f3f582d8ba882a34e58f36382749111e\">\n                <img\n                    title=\"01-Ondules\"\n                    alt=\"01-Ondules\"\n                    src=\"https:\/\/www.quizetplus.com\/wp-content\/gallery\/tendance-de-coupe-de-cheveux-pour-les-plus-de-40-ans\/thumbs\/thumbs_01-Ondules.jpg\"\n                    width=\"240\"\n                    height=\"240\"\n                    style=\"max-width:100%;\"\n                \/>\n            <\/a>\n        <\/div>\n\t\t\t\t\t\t\t<\/div> \n\t\t\t\n\t\t\t\t<div id=\"ngg-image-1\" class=\"ngg-gallery-thumbnail-box \" >\n\t\t\t\t        <div class=\"ngg-gallery-thumbnail\">\n            <a href=\"https:\/\/www.quizetplus.com\/wp-content\/gallery\/tendance-de-coupe-de-cheveux-pour-les-plus-de-40-ans\/02-Carre-Bob.jpg\"\n               title=\"Le &quot;bob&quot; est une variante du carr\u00e9 stricto sensu puisqu&#039;il est davantage d\u00e9structur\u00e9, peut \u00eatre l\u00e9g\u00e8rement wavy et permet d&#039;apporter du volume aux cheveux.\"\n               data-src=\"https:\/\/www.quizetplus.com\/wp-content\/gallery\/tendance-de-coupe-de-cheveux-pour-les-plus-de-40-ans\/02-Carre-Bob.jpg\"\n               data-thumbnail=\"https:\/\/www.quizetplus.com\/wp-content\/gallery\/tendance-de-coupe-de-cheveux-pour-les-plus-de-40-ans\/thumbs\/thumbs_02-Carre-Bob.jpg\"\n               data-image-id=\"25\"\n               data-title=\"02-Carre-Bob\"\n               data-description=\"Le &quot;bob&quot; est une variante du carr\u00e9 stricto sensu puisqu&#039;il est davantage d\u00e9structur\u00e9, peut \u00eatre l\u00e9g\u00e8rement wavy et permet d&#039;apporter du volume aux cheveux.\"\n               data-image-slug=\"02-carre-bob\"\n               class=\"ngg-simplelightbox\" rel=\"f3f582d8ba882a34e58f36382749111e\">\n                <img\n                    title=\"02-Carre-Bob\"\n                    alt=\"02-Carre-Bob\"\n                    src=\"https:\/\/www.quizetplus.com\/wp-content\/gallery\/tendance-de-coupe-de-cheveux-pour-les-plus-de-40-ans\/thumbs\/thumbs_02-Carre-Bob.jpg\"\n                    width=\"240\"\n                    height=\"240\"\n                    style=\"max-width:100%;\"\n                \/>\n            <\/a>\n        <\/div>\n\t\t\t\t\t\t\t<\/div> \n\t\t\t\n\t\t\t\t<div id=\"ngg-image-2\" class=\"ngg-gallery-thumbnail-box \" >\n\t\t\t\t        <div class=\"ngg-gallery-thumbnail\">\n            <a href=\"https:\/\/www.quizetplus.com\/wp-content\/gallery\/tendance-de-coupe-de-cheveux-pour-les-plus-de-40-ans\/03-Courts.jpg\"\n               title=\"Cette coiffure pour femme audacieuse que l\u2019on peut porter \u00e0 tout \u00e2ge donne un style et un caract\u00e8re certains. Si c\u2019est une excellente option lorsqu\u2019on a besoin de changement radical, il n\u2019est pas toujours \u00e9vident de franchir le pas. Avant de confier vos cheveux aux ciseaux aiguis\u00e9s de votre coiffeur pr\u00e9f\u00e9r\u00e9, mieux vaut \u00eatre bien pr\u00e9par\u00e9e afin d\u2019avoir exactement la coupe courte dont vous r\u00eavez !\"\n               data-src=\"https:\/\/www.quizetplus.com\/wp-content\/gallery\/tendance-de-coupe-de-cheveux-pour-les-plus-de-40-ans\/03-Courts.jpg\"\n               data-thumbnail=\"https:\/\/www.quizetplus.com\/wp-content\/gallery\/tendance-de-coupe-de-cheveux-pour-les-plus-de-40-ans\/thumbs\/thumbs_03-Courts.jpg\"\n               data-image-id=\"24\"\n               data-title=\"03-Courts\"\n               data-description=\"Cette coiffure pour femme audacieuse que l\u2019on peut porter \u00e0 tout \u00e2ge donne un style et un caract\u00e8re certains. Si c\u2019est une excellente option lorsqu\u2019on a besoin de changement radical, il n\u2019est pas toujours \u00e9vident de franchir le pas. Avant de confier vos cheveux aux ciseaux aiguis\u00e9s de votre coiffeur pr\u00e9f\u00e9r\u00e9, mieux vaut \u00eatre bien pr\u00e9par\u00e9e afin d\u2019avoir exactement la coupe courte dont vous r\u00eavez !\"\n               data-image-slug=\"03-courts\"\n               class=\"ngg-simplelightbox\" rel=\"f3f582d8ba882a34e58f36382749111e\">\n                <img\n                    title=\"03-Courts\"\n                    alt=\"03-Courts\"\n                    src=\"https:\/\/www.quizetplus.com\/wp-content\/gallery\/tendance-de-coupe-de-cheveux-pour-les-plus-de-40-ans\/thumbs\/thumbs_03-Courts.jpg\"\n                    width=\"240\"\n                    height=\"240\"\n                    style=\"max-width:100%;\"\n                \/>\n            <\/a>\n        <\/div>\n\t\t\t\t\t\t\t<\/div> \n\t\t\t\n\t\t\t\t<div id=\"ngg-image-3\" class=\"ngg-gallery-thumbnail-box \" >\n\t\t\t\t        <div class=\"ngg-gallery-thumbnail\">\n            <a href=\"https:\/\/www.quizetplus.com\/wp-content\/gallery\/tendance-de-coupe-de-cheveux-pour-les-plus-de-40-ans\/04-Degradee.jpg\"\n               title=\"Plus ou moins marqu\u00e9e, la coupe d\u00e9grad\u00e9e se porte longue ou courte. Si certaines aiment la porter sans fioritures, il est tout de m\u00eame possible de l&#039;associer \u00e0 une frange, qu&#039;on choisira en fonction de la forme de son visage, ou \u00e0 des m\u00e8ches plus courtes, pour donner un coup de pep&#039;s \u00e0 la coiffure.\"\n               data-src=\"https:\/\/www.quizetplus.com\/wp-content\/gallery\/tendance-de-coupe-de-cheveux-pour-les-plus-de-40-ans\/04-Degradee.jpg\"\n               data-thumbnail=\"https:\/\/www.quizetplus.com\/wp-content\/gallery\/tendance-de-coupe-de-cheveux-pour-les-plus-de-40-ans\/thumbs\/thumbs_04-Degradee.jpg\"\n               data-image-id=\"27\"\n               data-title=\"04-Degradee\"\n               data-description=\"Plus ou moins marqu\u00e9e, la coupe d\u00e9grad\u00e9e se porte longue ou courte. Si certaines aiment la porter sans fioritures, il est tout de m\u00eame possible de l&#039;associer \u00e0 une frange, qu&#039;on choisira en fonction de la forme de son visage, ou \u00e0 des m\u00e8ches plus courtes, pour donner un coup de pep&#039;s \u00e0 la coiffure.\"\n               data-image-slug=\"04-degradee\"\n               class=\"ngg-simplelightbox\" rel=\"f3f582d8ba882a34e58f36382749111e\">\n                <img\n                    title=\"04-Degradee\"\n                    alt=\"04-Degradee\"\n                    src=\"https:\/\/www.quizetplus.com\/wp-content\/gallery\/tendance-de-coupe-de-cheveux-pour-les-plus-de-40-ans\/thumbs\/thumbs_04-Degradee.jpg\"\n                    width=\"240\"\n                    height=\"240\"\n                    style=\"max-width:100%;\"\n                \/>\n            <\/a>\n        <\/div>\n\t\t\t\t\t\t\t<\/div> \n\t\t\t\n\t\n\t<br style=\"clear: both\" \/>\n\n\t\n\t\t<!-- Pagination -->\n\t<div class='ngg-clear'><\/div>\t<\/div>\n\n","protected":false},"excerpt":{"rendered":"<p>\u00c0 40 ans, on a souvent envie de changement, c\u2019est l\u2019\u00e2ge o\u00f9 l&#8217;on souhaite davantage s\u2019\u00e9panouir et d\u00e9couvrir de nouvelles<\/p>\n","protected":false},"author":1,"featured_media":0,"parent":96,"menu_order":0,"comment_status":"closed","ping_status":"closed","template":"","meta":{"ngg_post_thumbnail":0},"_links":{"self":[{"href":"https:\/\/www.quizetplus.com\/index.php\/wp-json\/wp\/v2\/pages\/397"}],"collection":[{"href":"https:\/\/www.quizetplus.com\/index.php\/wp-json\/wp\/v2\/pages"}],"about":[{"href":"https:\/\/www.quizetplus.com\/index.php\/wp-json\/wp\/v2\/types\/page"}],"author":[{"embeddable":true,"href":"https:\/\/www.quizetplus.com\/index.php\/wp-json\/wp\/v2\/users\/1"}],"replies":[{"embeddable":true,"href":"https:\/\/www.quizetplus.com\/index.php\/wp-json\/wp\/v2\/comments?post=397"}],"version-history":[{"count":3,"href":"https:\/\/www.quizetplus.com\/index.php\/wp-json\/wp\/v2\/pages\/397\/revisions"}],"predecessor-version":[{"id":402,"href":"https:\/\/www.quizetplus.com\/index.php\/wp-json\/wp\/v2\/pages\/397\/revisions\/402"}],"up":[{"embeddable":true,"href":"https:\/\/www.quizetplus.com\/index.php\/wp-json\/wp\/v2\/pages\/96"}],"wp:attachment":[{"href":"https:\/\/www.quizetplus.com\/index.php\/wp-json\/wp\/v2\/media?parent=397"}],"curies":[{"name":"wp","href":"https:\/\/api.w.org\/{rel}","templated":true}]}}