{"id":258,"date":"2021-01-07T15:22:17","date_gmt":"2021-01-07T15:22:17","guid":{"rendered":"https:\/\/www.quizetplus.com\/?page_id=258"},"modified":"2021-01-07T15:23:00","modified_gmt":"2021-01-07T15:23:00","slug":"toutes-les-tendances-coiffures-de-2021","status":"publish","type":"page","link":"https:\/\/www.quizetplus.com\/index.php\/categorie-galerie\/toutes-les-tendances-coiffures-de-2021\/","title":{"rendered":"Toutes les tendances coiffures de 2021"},"content":{"rendered":"\n<p>Qu\u2019elle soit une coupe courte, longue ou une nouvelle coloration, laissez-vous tenter par les tendances coiffure de l\u2019ann\u00e9e 2019. Osez, changez de t\u00eate et inspirez-vous par les id\u00e9es suivantes !<\/p>\n\n\n\n<!-- default-view.php -->\n<div\n\tclass=\"ngg-galleryoverview default-view \"\n\tid=\"ngg-gallery-67edfab9cc1ad1e7ac15ceb8ba89aeb5-1\">\n\n\t\t<!-- Thumbnails -->\n\t\t\t\t<div id=\"ngg-image-0\" class=\"ngg-gallery-thumbnail-box \" >\n\t\t\t\t        <div class=\"ngg-gallery-thumbnail\">\n            <a href=\"https:\/\/www.quizetplus.com\/wp-content\/gallery\/toutes-les-tendances-coiffures-de-2019\/1_coupe-courte-boyish.jpg\"\n               title=\"&lt;b&gt;Coupe courte boyish&lt;\/b&gt;&lt;br \/&gt;\nLes cheveux sont coup\u00e9s tr\u00e8s court et structur\u00e9s par une raie sur le c\u00f4t\u00e9, qui donne un effet gar\u00e7on. Pour cr\u00e9er du contraste, les cheveux sont \u00e9galement effil\u00e9s.\"\n               data-src=\"https:\/\/www.quizetplus.com\/wp-content\/gallery\/toutes-les-tendances-coiffures-de-2019\/1_coupe-courte-boyish.jpg\"\n               data-thumbnail=\"https:\/\/www.quizetplus.com\/wp-content\/gallery\/toutes-les-tendances-coiffures-de-2019\/thumbs\/thumbs_1_coupe-courte-boyish.jpg\"\n               data-image-id=\"19\"\n               data-title=\"01\"\n               data-description=\"&lt;b&gt;Coupe courte boyish&lt;\/b&gt;&lt;br \/&gt;\nLes cheveux sont coup\u00e9s tr\u00e8s court et structur\u00e9s par une raie sur le c\u00f4t\u00e9, qui donne un effet gar\u00e7on. Pour cr\u00e9er du contraste, les cheveux sont \u00e9galement effil\u00e9s.\"\n               data-image-slug=\"1_coupe-courte-boyish\"\n               class=\"ngg-simplelightbox\" rel=\"67edfab9cc1ad1e7ac15ceb8ba89aeb5\">\n                <img\n                    title=\"01\"\n                    alt=\"01\"\n                    src=\"https:\/\/www.quizetplus.com\/wp-content\/gallery\/toutes-les-tendances-coiffures-de-2019\/thumbs\/thumbs_1_coupe-courte-boyish.jpg\"\n                    width=\"240\"\n                    height=\"240\"\n                    style=\"max-width:100%;\"\n                \/>\n            <\/a>\n        <\/div>\n\t\t\t\t\t\t\t<\/div> \n\t\t\t\n\t\t\t\t<div id=\"ngg-image-1\" class=\"ngg-gallery-thumbnail-box \" >\n\t\t\t\t        <div class=\"ngg-gallery-thumbnail\">\n            <a href=\"https:\/\/www.quizetplus.com\/wp-content\/gallery\/toutes-les-tendances-coiffures-de-2019\/10_coupe-longue-degradee.jpg\"\n               title=\"&lt;b&gt;Coupe longue d\u00e9grad\u00e9e&lt;\/b&gt;&lt;br \/&gt;\nUne coupe classique qui conviendra \u00e0 toutes les femmes. Cependant, il faut se rappeler que les cheveux doivent toujours \u00eatre sains et bien soign\u00e9s.\"\n               data-src=\"https:\/\/www.quizetplus.com\/wp-content\/gallery\/toutes-les-tendances-coiffures-de-2019\/10_coupe-longue-degradee.jpg\"\n               data-thumbnail=\"https:\/\/www.quizetplus.com\/wp-content\/gallery\/toutes-les-tendances-coiffures-de-2019\/thumbs\/thumbs_10_coupe-longue-degradee.jpg\"\n               data-image-id=\"23\"\n               data-title=\"02\"\n               data-description=\"&lt;b&gt;Coupe longue d\u00e9grad\u00e9e&lt;\/b&gt;&lt;br \/&gt;\nUne coupe classique qui conviendra \u00e0 toutes les femmes. Cependant, il faut se rappeler que les cheveux doivent toujours \u00eatre sains et bien soign\u00e9s.\"\n               data-image-slug=\"10_coupe-longue-degradee\"\n               class=\"ngg-simplelightbox\" rel=\"67edfab9cc1ad1e7ac15ceb8ba89aeb5\">\n                <img\n                    title=\"02\"\n                    alt=\"02\"\n                    src=\"https:\/\/www.quizetplus.com\/wp-content\/gallery\/toutes-les-tendances-coiffures-de-2019\/thumbs\/thumbs_10_coupe-longue-degradee.jpg\"\n                    width=\"240\"\n                    height=\"240\"\n                    style=\"max-width:100%;\"\n                \/>\n            <\/a>\n        <\/div>\n\t\t\t\t\t\t\t<\/div> \n\t\t\t\n\t\t\t\t<div id=\"ngg-image-2\" class=\"ngg-gallery-thumbnail-box \" >\n\t\t\t\t        <div class=\"ngg-gallery-thumbnail\">\n            <a href=\"https:\/\/www.quizetplus.com\/wp-content\/gallery\/toutes-les-tendances-coiffures-de-2019\/2_carre-boucle.jpg\"\n               title=\"&lt;b&gt;Le carr\u00e9 boucl\u00e9&lt;\/b&gt;&lt;br \/&gt;\nLes cheveux boucl\u00e9s sont tr\u00e8s tendance cette ann\u00e9e et il faut les mettre en valeur avec une coupe faites sur-mesure. L\u2019option id\u00e9ale ? Le carr\u00e9 mi-long, l\u00e9g\u00e8rement d\u00e9grad\u00e9 pour all\u00e9ger la chevelure volumineuse.\"\n               data-src=\"https:\/\/www.quizetplus.com\/wp-content\/gallery\/toutes-les-tendances-coiffures-de-2019\/2_carre-boucle.jpg\"\n               data-thumbnail=\"https:\/\/www.quizetplus.com\/wp-content\/gallery\/toutes-les-tendances-coiffures-de-2019\/thumbs\/thumbs_2_carre-boucle.jpg\"\n               data-image-id=\"20\"\n               data-title=\"03\"\n               data-description=\"&lt;b&gt;Le carr\u00e9 boucl\u00e9&lt;\/b&gt;&lt;br \/&gt;\nLes cheveux boucl\u00e9s sont tr\u00e8s tendance cette ann\u00e9e et il faut les mettre en valeur avec une coupe faites sur-mesure. L\u2019option id\u00e9ale ? Le carr\u00e9 mi-long, l\u00e9g\u00e8rement d\u00e9grad\u00e9 pour all\u00e9ger la chevelure volumineuse.\"\n               data-image-slug=\"2_carre-boucle\"\n               class=\"ngg-simplelightbox\" rel=\"67edfab9cc1ad1e7ac15ceb8ba89aeb5\">\n                <img\n                    title=\"03\"\n                    alt=\"03\"\n                    src=\"https:\/\/www.quizetplus.com\/wp-content\/gallery\/toutes-les-tendances-coiffures-de-2019\/thumbs\/thumbs_2_carre-boucle.jpg\"\n                    width=\"240\"\n                    height=\"240\"\n                    style=\"max-width:100%;\"\n                \/>\n            <\/a>\n        <\/div>\n\t\t\t\t\t\t\t<\/div> \n\t\t\t\n\t\t\t\t<div id=\"ngg-image-3\" class=\"ngg-gallery-thumbnail-box \" >\n\t\t\t\t        <div class=\"ngg-gallery-thumbnail\">\n            <a href=\"https:\/\/www.quizetplus.com\/wp-content\/gallery\/toutes-les-tendances-coiffures-de-2019\/3_volume-ondule.jpg\"\n               title=\"&lt;b&gt;Volume ondul\u00e9&lt;\/b&gt;&lt;br \/&gt;\nLes cheveux ondul\u00e9s donnent un effet retour de plage. Pour r\u00e9aliser cette coiffure, il faut utiliser des sprays \u00e0 base d\u2019eau de mer qui disciplinent les ondulations.\"\n               data-src=\"https:\/\/www.quizetplus.com\/wp-content\/gallery\/toutes-les-tendances-coiffures-de-2019\/3_volume-ondule.jpg\"\n               data-thumbnail=\"https:\/\/www.quizetplus.com\/wp-content\/gallery\/toutes-les-tendances-coiffures-de-2019\/thumbs\/thumbs_3_volume-ondule.jpg\"\n               data-image-id=\"22\"\n               data-title=\"04\"\n               data-description=\"&lt;b&gt;Volume ondul\u00e9&lt;\/b&gt;&lt;br \/&gt;\nLes cheveux ondul\u00e9s donnent un effet retour de plage. Pour r\u00e9aliser cette coiffure, il faut utiliser des sprays \u00e0 base d\u2019eau de mer qui disciplinent les ondulations.\"\n               data-image-slug=\"3_volume-ondule\"\n               class=\"ngg-simplelightbox\" rel=\"67edfab9cc1ad1e7ac15ceb8ba89aeb5\">\n                <img\n                    title=\"04\"\n                    alt=\"04\"\n                    src=\"https:\/\/www.quizetplus.com\/wp-content\/gallery\/toutes-les-tendances-coiffures-de-2019\/thumbs\/thumbs_3_volume-ondule.jpg\"\n                    width=\"240\"\n                    height=\"240\"\n                    style=\"max-width:100%;\"\n                \/>\n            <\/a>\n        <\/div>\n\t\t\t\t\t\t\t<\/div> \n\t\t\t\n\t\t\t\t<div id=\"ngg-image-4\" class=\"ngg-gallery-thumbnail-box \" >\n\t\t\t\t        <div class=\"ngg-gallery-thumbnail\">\n            <a href=\"https:\/\/www.quizetplus.com\/wp-content\/gallery\/toutes-les-tendances-coiffures-de-2019\/4_carre-court.jpg\"\n               title=\"&lt;b&gt;Le carr\u00e9 tr\u00e8s court&lt;\/b&gt;&lt;br \/&gt;\nPlus os\u00e9, le carr\u00e9 court et toujours accompagn\u00e9 d\u2019une frange au-dessus des sourcils. Cette coupe donne du caract\u00e8re au visage, mais il est \u00e0 \u00e9viter sur un visage long car il accentue son aspect allong\u00e9\"\n               data-src=\"https:\/\/www.quizetplus.com\/wp-content\/gallery\/toutes-les-tendances-coiffures-de-2019\/4_carre-court.jpg\"\n               data-thumbnail=\"https:\/\/www.quizetplus.com\/wp-content\/gallery\/toutes-les-tendances-coiffures-de-2019\/thumbs\/thumbs_4_carre-court.jpg\"\n               data-image-id=\"21\"\n               data-title=\"05\"\n               data-description=\"&lt;b&gt;Le carr\u00e9 tr\u00e8s court&lt;\/b&gt;&lt;br \/&gt;\nPlus os\u00e9, le carr\u00e9 court et toujours accompagn\u00e9 d\u2019une frange au-dessus des sourcils. Cette coupe donne du caract\u00e8re au visage, mais il est \u00e0 \u00e9viter sur un visage long car il accentue son aspect allong\u00e9\"\n               data-image-slug=\"4_carre-court\"\n               class=\"ngg-simplelightbox\" rel=\"67edfab9cc1ad1e7ac15ceb8ba89aeb5\">\n                <img\n                    title=\"05\"\n                    alt=\"05\"\n                    src=\"https:\/\/www.quizetplus.com\/wp-content\/gallery\/toutes-les-tendances-coiffures-de-2019\/thumbs\/thumbs_4_carre-court.jpg\"\n                    width=\"240\"\n                    height=\"240\"\n                    style=\"max-width:100%;\"\n                \/>\n            <\/a>\n        <\/div>\n\t\t\t\t\t\t\t<\/div> \n\t\t\t\n\t\n\t<br style=\"clear: both\" \/>\n\n\t\n\t\t<!-- Pagination -->\n\t<div class='ngg-clear'><\/div>\t<\/div>\n\n","protected":false},"excerpt":{"rendered":"<p>Qu\u2019elle soit une coupe courte, longue ou une nouvelle coloration, laissez-vous tenter par les tendances coiffure de l\u2019ann\u00e9e 2019. Osez,<\/p>\n","protected":false},"author":1,"featured_media":0,"parent":96,"menu_order":0,"comment_status":"closed","ping_status":"closed","template":"","meta":{"ngg_post_thumbnail":0},"_links":{"self":[{"href":"https:\/\/www.quizetplus.com\/index.php\/wp-json\/wp\/v2\/pages\/258"}],"collection":[{"href":"https:\/\/www.quizetplus.com\/index.php\/wp-json\/wp\/v2\/pages"}],"about":[{"href":"https:\/\/www.quizetplus.com\/index.php\/wp-json\/wp\/v2\/types\/page"}],"author":[{"embeddable":true,"href":"https:\/\/www.quizetplus.com\/index.php\/wp-json\/wp\/v2\/users\/1"}],"replies":[{"embeddable":true,"href":"https:\/\/www.quizetplus.com\/index.php\/wp-json\/wp\/v2\/comments?post=258"}],"version-history":[{"count":1,"href":"https:\/\/www.quizetplus.com\/index.php\/wp-json\/wp\/v2\/pages\/258\/revisions"}],"predecessor-version":[{"id":259,"href":"https:\/\/www.quizetplus.com\/index.php\/wp-json\/wp\/v2\/pages\/258\/revisions\/259"}],"up":[{"embeddable":true,"href":"https:\/\/www.quizetplus.com\/index.php\/wp-json\/wp\/v2\/pages\/96"}],"wp:attachment":[{"href":"https:\/\/www.quizetplus.com\/index.php\/wp-json\/wp\/v2\/media?parent=258"}],"curies":[{"name":"wp","href":"https:\/\/api.w.org\/{rel}","templated":true}]}}