{"id":21,"date":"2020-12-21T14:51:00","date_gmt":"2020-12-21T14:51:00","guid":{"rendered":"https:\/\/www.quizetplus.com\/?page_id=21"},"modified":"2023-01-31T10:48:31","modified_gmt":"2023-01-31T10:48:31","slug":"categorie-quiz-et-tests","status":"publish","type":"page","link":"https:\/\/www.quizetplus.com\/index.php\/categorie-quiz-et-tests\/","title":{"rendered":"Quiz et tests"},"content":{"rendered":"\n<p>Vous pensez tout savoir \u00e0 propos de vous-m\u00eame ? D\u00e9couvrez votre personnalit\u00e9 avec nos nombreux tests psychologiques et quiz gratuits. Vous serez surpris par les r\u00e9sultats !<\/p>\n\n\n\n<p> <\/p>\n\n\n\n<h2>Test d&#8217;intelligence<\/h2>\n\n\n\n<p>R\u00e9pondez aux questions du quiz et d\u00e9couvrez \u00e0 quel point vous \u00eates intelligent!<\/p>\n\n\n\n<figure class=\"wp-block-image size-large\"><img loading=\"lazy\" width=\"825\" height=\"256\" src=\"https:\/\/www.quizetplus.com\/wp-content\/uploads\/2020\/12\/QuizIntelligenza.jpg\" alt=\"\" class=\"wp-image-39\" srcset=\"https:\/\/www.quizetplus.com\/wp-content\/uploads\/2020\/12\/QuizIntelligenza.jpg 825w, https:\/\/www.quizetplus.com\/wp-content\/uploads\/2020\/12\/QuizIntelligenza-300x93.jpg 300w, https:\/\/www.quizetplus.com\/wp-content\/uploads\/2020\/12\/QuizIntelligenza-768x238.jpg 768w\" sizes=\"(max-width: 825px) 100vw, 825px\" \/><\/figure>\n\n\n<a href='https:\/\/www.quizetplus.com\/index.php\/quiz\/test_intelligenza\/' class='more-link' >Allez au test &gt;&gt;<\/a>\n\n\n\n<div style=\"height:73px\" aria-hidden=\"true\" class=\"wp-block-spacer\"><\/div>\n\n\n\n<h2>Test de personnalit\u00e9 du pouce<\/h2>\n\n\n\n<p>R\u00e9pondez aux questions du quiz et d\u00e9couvrez votre personnalit\u00e9 en forme de pouce!<\/p>\n\n\n\n<figure class=\"wp-block-image size-large\"><img loading=\"lazy\" width=\"825\" height=\"256\" src=\"https:\/\/www.quizetplus.com\/wp-content\/uploads\/2021\/01\/Testpollice.jpg\" alt=\"\" class=\"wp-image-60\" srcset=\"https:\/\/www.quizetplus.com\/wp-content\/uploads\/2021\/01\/Testpollice.jpg 825w, https:\/\/www.quizetplus.com\/wp-content\/uploads\/2021\/01\/Testpollice-300x93.jpg 300w, https:\/\/www.quizetplus.com\/wp-content\/uploads\/2021\/01\/Testpollice-768x238.jpg 768w\" sizes=\"(max-width: 825px) 100vw, 825px\" \/><\/figure>\n\n\n<a href='https:\/\/www.quizetplus.com\/index.php\/quiz\/test-de-personnalite-du-pouce\/' class='more-link' >Allez au test &gt;&gt;<\/a>\n\n\n\n<div style=\"height:73px\" aria-hidden=\"true\" class=\"wp-block-spacer\"><\/div>\n\n\n\n<h2>Quiz Sur Votre Portable<\/h2>\n\n\n\n<p>La mani\u00e8re dont vous utilisez votre portable r\u00e9v\u00e8le qui vous \u00eates!<\/p>\n\n\n\n<figure class=\"wp-block-image size-large\"><img loading=\"lazy\" width=\"825\" height=\"256\" src=\"https:\/\/www.quizetplus.com\/wp-content\/uploads\/2021\/01\/image_test_device.jpg\" alt=\"\" class=\"wp-image-264\" srcset=\"https:\/\/www.quizetplus.com\/wp-content\/uploads\/2021\/01\/image_test_device.jpg 825w, https:\/\/www.quizetplus.com\/wp-content\/uploads\/2021\/01\/image_test_device-300x93.jpg 300w, https:\/\/www.quizetplus.com\/wp-content\/uploads\/2021\/01\/image_test_device-768x238.jpg 768w\" sizes=\"(max-width: 825px) 100vw, 825px\" \/><\/figure>\n\n\n<a href='https:\/\/www.quizetplus.com\/index.php\/quiz\/la-maniere-dont-vous-tenez-votre-portable-revele-qui-vous-etes\/' class='more-link' >Allez au test &gt;&gt;<\/a>\n\n\n\n<div style=\"height:73px\" aria-hidden=\"true\" class=\"wp-block-spacer\"><\/div>\n\n\n\n<h2>\u00c0 Quel \u00c2ge Vous Serez Maman ?<\/h2>\n\n\n\n<p>Es-tu pr\u00eate \u00e0 \u00eatre m\u00e8re? Avoir un b\u00e9b\u00e9, vous y pensez parfois avec envie, parfois avec angoisse. Es-tu pr\u00eate ou presque pr\u00eate \u00e0 vivre ce bouleversement ?<\/p>\n\n\n\n<figure class=\"wp-block-image size-large\"><img loading=\"lazy\" width=\"1000\" height=\"310\" src=\"https:\/\/www.quizetplus.com\/wp-content\/uploads\/2021\/01\/whenmum.png\" alt=\"\" class=\"wp-image-267\" srcset=\"https:\/\/www.quizetplus.com\/wp-content\/uploads\/2021\/01\/whenmum.png 1000w, https:\/\/www.quizetplus.com\/wp-content\/uploads\/2021\/01\/whenmum-300x93.png 300w, https:\/\/www.quizetplus.com\/wp-content\/uploads\/2021\/01\/whenmum-768x238.png 768w\" sizes=\"(max-width: 1000px) 100vw, 1000px\" \/><\/figure>\n\n\n<a href='https:\/\/www.quizetplus.com\/index.php\/quiz\/a-quel-age-vous-serez-maman\/' class='more-link' >Allez au test &gt;&gt;<\/a>\n\n\n\n<div style=\"height:70px\" aria-hidden=\"true\" class=\"wp-block-spacer\"><\/div>\n\n\n\n<h2>Que Est Votre \u00c2ge Mental?<\/h2>\n\n\n\n<p>Oui, vous avez un \u00e2ge officiel, mais surtout un \u00e2ge mental, et ils ne correspondent pas toujours ensemble \u00e0 la perfection. D\u00e9couvrez avec ce test quel \u00e2ge semble avoir votre cerveau !<\/p>\n\n\n\n<figure class=\"wp-block-image size-large\"><img loading=\"lazy\" width=\"825\" height=\"256\" src=\"https:\/\/www.quizetplus.com\/wp-content\/uploads\/2021\/01\/MentalAge.jpg\" alt=\"\" class=\"wp-image-277\" srcset=\"https:\/\/www.quizetplus.com\/wp-content\/uploads\/2021\/01\/MentalAge.jpg 825w, https:\/\/www.quizetplus.com\/wp-content\/uploads\/2021\/01\/MentalAge-300x93.jpg 300w, https:\/\/www.quizetplus.com\/wp-content\/uploads\/2021\/01\/MentalAge-768x238.jpg 768w\" sizes=\"(max-width: 825px) 100vw, 825px\" \/><\/figure>\n\n\n<a href='https:\/\/www.quizetplus.com\/index.php\/quiz\/mental-age\/' class='more-link' >Allez au test &gt;&gt;<\/a>\n\n\n\n<div style=\"height:73px\" aria-hidden=\"true\" class=\"wp-block-spacer\"><\/div>\n\n\n\n<h2>Quiz de la main<\/h2>\n\n\n\n<p>La chirognomie consiste \u00e0 analyser la forme de la main et \u00e0 r\u00e9v\u00e9ler des aspects int\u00e9ressants de la mani\u00e8re d&#8217;\u00eatre d&#8217;une personne.<\/p>\n\n\n\n<figure class=\"wp-block-image size-large\"><img loading=\"lazy\" width=\"825\" height=\"256\" src=\"https:\/\/www.quizetplus.com\/wp-content\/uploads\/2021\/02\/PersMano.jpg\" alt=\"\" class=\"wp-image-285\" srcset=\"https:\/\/www.quizetplus.com\/wp-content\/uploads\/2021\/02\/PersMano.jpg 825w, https:\/\/www.quizetplus.com\/wp-content\/uploads\/2021\/02\/PersMano-300x93.jpg 300w, https:\/\/www.quizetplus.com\/wp-content\/uploads\/2021\/02\/PersMano-768x238.jpg 768w\" sizes=\"(max-width: 825px) 100vw, 825px\" \/><\/figure>\n\n\n<a href='https:\/\/www.quizetplus.com\/index.php\/quiz\/quiz-de-la-main\/' class='more-link' >Allez au test &gt;&gt;<\/a>\n\n\n\n<div style=\"height:73px\" aria-hidden=\"true\" class=\"wp-block-spacer\"><\/div>\n\n\n\n<h2>Future Quiz<\/h2>\n\n\n\n<p>Ce test amusant est un excellent moyen de pr\u00e9dire quelque chose sur votre avenir.<\/p>\n\n\n\n<figure class=\"wp-block-image size-large\"><img loading=\"lazy\" width=\"825\" height=\"256\" src=\"https:\/\/www.quizetplus.com\/wp-content\/uploads\/2021\/03\/Futurquiz.jpg\" alt=\"\" class=\"wp-image-293\" srcset=\"https:\/\/www.quizetplus.com\/wp-content\/uploads\/2021\/03\/Futurquiz.jpg 825w, https:\/\/www.quizetplus.com\/wp-content\/uploads\/2021\/03\/Futurquiz-300x93.jpg 300w, https:\/\/www.quizetplus.com\/wp-content\/uploads\/2021\/03\/Futurquiz-768x238.jpg 768w\" sizes=\"(max-width: 825px) 100vw, 825px\" \/><\/figure>\n\n\n<a href='https:\/\/www.quizetplus.com\/index.php\/quiz\/futur-quiz\/' class='more-link' >Allez au test &gt;&gt;<\/a>\n\n\n\n<div style=\"height:73px\" aria-hidden=\"true\" class=\"wp-block-spacer\"><\/div>\n\n\n\n<h2>Accro au t\u00e9l\u00e9phone ?<\/h2>\n\n\n\n<p>De plus en plus connect\u00e9 ou d\u00e9connect\u00e9? Abuser de votre t\u00e9l\u00e9phone portable peut cr\u00e9er une v\u00e9ritable d\u00e9pendance au smartphone<\/p>\n\n\n\n<figure class=\"wp-block-image size-large\"><img loading=\"lazy\" width=\"825\" height=\"256\" src=\"https:\/\/www.quizetplus.com\/wp-content\/uploads\/2021\/03\/MobileQuiz.jpg\" alt=\"\" class=\"wp-image-296\" srcset=\"https:\/\/www.quizetplus.com\/wp-content\/uploads\/2021\/03\/MobileQuiz.jpg 825w, https:\/\/www.quizetplus.com\/wp-content\/uploads\/2021\/03\/MobileQuiz-300x93.jpg 300w, https:\/\/www.quizetplus.com\/wp-content\/uploads\/2021\/03\/MobileQuiz-768x238.jpg 768w\" sizes=\"(max-width: 825px) 100vw, 825px\" \/><\/figure>\n\n\n<a href='https:\/\/www.quizetplus.com\/index.php\/quiz\/accro-au-telephone\/' class='more-link' >Allez au test &gt;&gt;<\/a>\n\n\n\n<div style=\"height:73px\" aria-hidden=\"true\" class=\"wp-block-spacer\"><\/div>\n\n\n\n<h2>Comment devrait vivre ta renomm\u00e9e<\/h2>\n\n\n\n<p>Que vous soyez une c\u00e9l\u00e9brit\u00e9, un politicien, une star de MySpace ou un auteur renomm\u00e9, vous pouvez vous sentir mal \u00e0 l&#8217;aise sous les projecteurs.<\/p>\n\n\n\n<figure class=\"wp-block-image size-large\"><img loading=\"lazy\" width=\"825\" height=\"256\" src=\"https:\/\/www.quizetplus.com\/wp-content\/uploads\/2021\/03\/Famequiz.jpg\" alt=\"\" class=\"wp-image-305\" srcset=\"https:\/\/www.quizetplus.com\/wp-content\/uploads\/2021\/03\/Famequiz.jpg 825w, https:\/\/www.quizetplus.com\/wp-content\/uploads\/2021\/03\/Famequiz-300x93.jpg 300w, https:\/\/www.quizetplus.com\/wp-content\/uploads\/2021\/03\/Famequiz-768x238.jpg 768w\" sizes=\"(max-width: 825px) 100vw, 825px\" \/><\/figure>\n\n\n<a href='https:\/\/www.quizetplus.com\/index.php\/quiz\/comment-devrait-vivre-ta-renommee\/' class='more-link' >Allez au test &gt;&gt;<\/a>\n\n\n\n<div style=\"height:73px\" aria-hidden=\"true\" class=\"wp-block-spacer\"><\/div>\n\n\n\n<h2>D\u00c9COUVREZ QUELLE EST VOTRE COUPE DE CHEVEUX ID\u00c9ALE<\/h2>\n\n\n\n<p>Quelle est la coupe de cheveux la plus adapt\u00e9e \u00e0 votre visage ? C&#8217;est difficile \u00e0 savoir et on se trompe souvent. Voici le test qui vous aidera \u00e0 d\u00e9couvrir en quelques \u00e9tapes quelle coupe de cheveux vous convient le mieux. C&#8217;est gratuit et amusant, ne perdez pas de temps, faites le test!<\/p>\n\n\n\n<figure class=\"wp-block-image size-large\"><img loading=\"lazy\" width=\"825\" height=\"256\" src=\"https:\/\/www.quizetplus.com\/wp-content\/uploads\/2022\/05\/Capelli_viso.jpg\" alt=\"\" class=\"wp-image-320\" srcset=\"https:\/\/www.quizetplus.com\/wp-content\/uploads\/2022\/05\/Capelli_viso.jpg 825w, https:\/\/www.quizetplus.com\/wp-content\/uploads\/2022\/05\/Capelli_viso-300x93.jpg 300w, https:\/\/www.quizetplus.com\/wp-content\/uploads\/2022\/05\/Capelli_viso-768x238.jpg 768w\" sizes=\"(max-width: 825px) 100vw, 825px\" \/><\/figure>\n\n\n<a href='https:\/\/www.quizetplus.com\/index.php\/quiz\/test_de_cheveux\/' class='more-link' >Allez au test &gt;&gt;<\/a>\n\n\n\n<div style=\"height:73px\" aria-hidden=\"true\" class=\"wp-block-spacer\"><\/div>\n\n\n\n<h2>D\u00e9couvrez votre personnalit\u00e9 en fonction de vos jambes<\/h2>\n\n\n\n<p>Vous ne le savez peut-\u00eatre pas, mais votre fa\u00e7on de vous asseoir en dit long sur vous. Le ton de la voix peut \u00eatre trompeur, mais le langage corporel ne l&#8217;est pas, car il est davantage en contact avec vos \u00e9motions les plus profondes. Par la fa\u00e7on dont nous bougeons notre corps, vous pouvez facilement dire si nous sommes nerveux, si nous avons honte et m\u00eame sans dire un mot, tout transpara\u00eet.<\/p>\n\n\n\n<figure class=\"wp-block-image size-large\"><img loading=\"lazy\" width=\"825\" height=\"256\" src=\"https:\/\/www.quizetplus.com\/wp-content\/uploads\/2022\/05\/personalita_gambe.jpg\" alt=\"\" class=\"wp-image-331\" srcset=\"https:\/\/www.quizetplus.com\/wp-content\/uploads\/2022\/05\/personalita_gambe.jpg 825w, https:\/\/www.quizetplus.com\/wp-content\/uploads\/2022\/05\/personalita_gambe-300x93.jpg 300w, https:\/\/www.quizetplus.com\/wp-content\/uploads\/2022\/05\/personalita_gambe-768x238.jpg 768w\" sizes=\"(max-width: 825px) 100vw, 825px\" \/><\/figure>\n\n\n<a href='https:\/\/www.quizetplus.com\/index.php\/quiz\/testez-vos-jambes\/' class='more-link' >Allez au test &gt;&gt;<\/a>\n\n\n\n<div style=\"height:73px\" aria-hidden=\"true\" class=\"wp-block-spacer\"><\/div>\n\n\n\n<figure class=\"wp-block-image size-large\"><img loading=\"lazy\" width=\"825\" height=\"256\" src=\"https:\/\/www.quizetplus.com\/wp-content\/uploads\/2022\/08\/Pensioni.jpg\" alt=\"\" class=\"wp-image-338\" srcset=\"https:\/\/www.quizetplus.com\/wp-content\/uploads\/2022\/08\/Pensioni.jpg 825w, https:\/\/www.quizetplus.com\/wp-content\/uploads\/2022\/08\/Pensioni-300x93.jpg 300w, https:\/\/www.quizetplus.com\/wp-content\/uploads\/2022\/08\/Pensioni-768x238.jpg 768w\" sizes=\"(max-width: 825px) 100vw, 825px\" \/><\/figure>\n\n\n<a href='https:\/\/www.quizetplus.com\/index.php\/quiz\/quand-tu-prends-ta-retraite\/' class='more-link' >Allez au test &gt;&gt;<\/a>\n\n\n\n<div style=\"height:73px\" aria-hidden=\"true\" class=\"wp-block-spacer\"><\/div>\n\n\n\n<figure class=\"wp-block-image size-large\"><img loading=\"lazy\" width=\"825\" height=\"256\" src=\"https:\/\/www.quizetplus.com\/wp-content\/uploads\/2022\/08\/Angelo-custode.jpg\" alt=\"\" class=\"wp-image-344\" srcset=\"https:\/\/www.quizetplus.com\/wp-content\/uploads\/2022\/08\/Angelo-custode.jpg 825w, https:\/\/www.quizetplus.com\/wp-content\/uploads\/2022\/08\/Angelo-custode-300x93.jpg 300w, https:\/\/www.quizetplus.com\/wp-content\/uploads\/2022\/08\/Angelo-custode-768x238.jpg 768w\" sizes=\"(max-width: 825px) 100vw, 825px\" \/><\/figure>\n\n\n<a href='https:\/\/www.quizetplus.com\/index.php\/quiz\/angelo-custode\/' class='more-link' >Allez au test &gt;&gt;<\/a>\n\n\n\n<div style=\"height:73px\" aria-hidden=\"true\" class=\"wp-block-spacer\"><\/div>\n\n\n\n<figure class=\"wp-block-image size-large\"><img loading=\"lazy\" width=\"825\" height=\"256\" src=\"https:\/\/www.quizetplus.com\/wp-content\/uploads\/2022\/08\/FormaNaso.jpg\" alt=\"\" class=\"wp-image-347\" srcset=\"https:\/\/www.quizetplus.com\/wp-content\/uploads\/2022\/08\/FormaNaso.jpg 825w, https:\/\/www.quizetplus.com\/wp-content\/uploads\/2022\/08\/FormaNaso-300x93.jpg 300w, https:\/\/www.quizetplus.com\/wp-content\/uploads\/2022\/08\/FormaNaso-768x238.jpg 768w\" sizes=\"(max-width: 825px) 100vw, 825px\" \/><\/figure>\n\n\n<a href='https:\/\/www.quizetplus.com\/index.php\/quiz\/forma-naso\/' class='more-link' >Allez au test &gt;&gt;<\/a>\n\n\n\n<div style=\"height:73px\" aria-hidden=\"true\" class=\"wp-block-spacer\"><\/div>\n\n\n\n<figure class=\"wp-block-image size-large\"><img loading=\"lazy\" width=\"1000\" height=\"310\" src=\"https:\/\/www.quizetplus.com\/wp-content\/uploads\/2022\/11\/football.jpg\" alt=\"\" class=\"wp-image-353\" srcset=\"https:\/\/www.quizetplus.com\/wp-content\/uploads\/2022\/11\/football.jpg 1000w, https:\/\/www.quizetplus.com\/wp-content\/uploads\/2022\/11\/football-300x93.jpg 300w, https:\/\/www.quizetplus.com\/wp-content\/uploads\/2022\/11\/football-768x238.jpg 768w\" sizes=\"(max-width: 1000px) 100vw, 1000px\" \/><\/figure>\n\n\n<a href='https:\/\/www.quizetplus.com\/index.php\/quiz\/test_mondiali\/' class='more-link' >Allez au test &gt;&gt;<\/a>\n\n\n\n<div style=\"height:73px\" aria-hidden=\"true\" class=\"wp-block-spacer\"><\/div>\n\n\n\n<h2>Test de trahison<\/h2>\n\n\n\n<p>La trahison est un sujet \u00e9pineux, auquel nous essayons tous de penser le moins possible, afin d&#8217;\u00e9viter de passer nos journ\u00e9es \u00e0 examiner tous les signes possibles de trahison par notre partenaire.<\/p>\n\n\n\n<figure class=\"wp-block-image size-large\"><img loading=\"lazy\" width=\"825\" height=\"256\" src=\"https:\/\/www.quizetplus.com\/wp-content\/uploads\/2022\/11\/test_tradimento.jpg\" alt=\"\" class=\"wp-image-361\" srcset=\"https:\/\/www.quizetplus.com\/wp-content\/uploads\/2022\/11\/test_tradimento.jpg 825w, https:\/\/www.quizetplus.com\/wp-content\/uploads\/2022\/11\/test_tradimento-300x93.jpg 300w, https:\/\/www.quizetplus.com\/wp-content\/uploads\/2022\/11\/test_tradimento-768x238.jpg 768w\" sizes=\"(max-width: 825px) 100vw, 825px\" \/><\/figure>\n\n\n<a href='https:\/\/www.quizetplus.com\/index.php\/quiz\/test-tradisce\/' class='more-link' >Allez au test &gt;&gt;<\/a>\n\n\n\n<div style=\"height:73px\" aria-hidden=\"true\" class=\"wp-block-spacer\"><\/div>\n\n\n\n<figure class=\"wp-block-image size-large\"><img loading=\"lazy\" width=\"825\" height=\"256\" src=\"https:\/\/www.quizetplus.com\/wp-content\/uploads\/2023\/01\/PersonalitaSonno.jpg\" alt=\"\" class=\"wp-image-372\" srcset=\"https:\/\/www.quizetplus.com\/wp-content\/uploads\/2023\/01\/PersonalitaSonno.jpg 825w, https:\/\/www.quizetplus.com\/wp-content\/uploads\/2023\/01\/PersonalitaSonno-300x93.jpg 300w, https:\/\/www.quizetplus.com\/wp-content\/uploads\/2023\/01\/PersonalitaSonno-768x238.jpg 768w\" sizes=\"(max-width: 825px) 100vw, 825px\" \/><\/figure>\n\n\n\n<h2>Comment vous dormez dit qui vous \u00eates<\/h2>\n\n\n\n<p>En \u00e9toile de mer, sur le ventre, les mains sous l&#8217;oreiller ou en position f\u0153tale&#8230;<\/p>\n\n\n<a href='https:\/\/www.quizetplus.com\/index.php\/quiz\/comment-vous-dormez-dit-qui-vous-etes\/' class='more-link' >Allez au test &gt;&gt;<\/a>\n\n\n\n<div style=\"height:73px\" aria-hidden=\"true\" class=\"wp-block-spacer\"><\/div>\n\n\n\n<figure class=\"wp-block-image size-large\"><img loading=\"lazy\" width=\"825\" height=\"256\" src=\"https:\/\/www.quizetplus.com\/wp-content\/uploads\/2023\/01\/ComeSaraidaVecchio.jpg\" alt=\"\" class=\"wp-image-378\" srcset=\"https:\/\/www.quizetplus.com\/wp-content\/uploads\/2023\/01\/ComeSaraidaVecchio.jpg 825w, https:\/\/www.quizetplus.com\/wp-content\/uploads\/2023\/01\/ComeSaraidaVecchio-300x93.jpg 300w, https:\/\/www.quizetplus.com\/wp-content\/uploads\/2023\/01\/ComeSaraidaVecchio-768x238.jpg 768w\" sizes=\"(max-width: 825px) 100vw, 825px\" \/><\/figure>\n\n\n\n<h2>Comment vous serez plus vieux ?<\/h2>\n\n\n\n<p>Est-on vieux \u00e0 un \u00e2ge pr\u00e9cis ?\u00a0<strong>\u00c0 partir de quel \u00e2ge est-on senior ?<\/strong>\u00a0Qu\u2019est-ce qui fait que l\u2019on se sent vieux ? Des questions qui traversent l\u2019esprit de tout un chacun. Diverses \u00e9tudes se sont pench\u00e9es sur ces th\u00e8mes pour tenter d\u2019apporter des r\u00e9ponses\u2026\u00a0<\/p>\n\n\n<a href='https:\/\/www.quizetplus.com\/index.php\/quiz\/comment-vous-serez-plus-vieux\/' class='more-link' >Allez au test &gt;&gt;<\/a>\n\n\n\n<div style=\"height:70px\" aria-hidden=\"true\" class=\"wp-block-spacer\"><\/div>\n\n\n\n<figure class=\"wp-block-image size-large\"><img loading=\"lazy\" width=\"825\" height=\"256\" src=\"https:\/\/www.quizetplus.com\/wp-content\/uploads\/2023\/01\/QuantiFigli.jpg\" alt=\"\" class=\"wp-image-384\" srcset=\"https:\/\/www.quizetplus.com\/wp-content\/uploads\/2023\/01\/QuantiFigli.jpg 825w, https:\/\/www.quizetplus.com\/wp-content\/uploads\/2023\/01\/QuantiFigli-300x93.jpg 300w, https:\/\/www.quizetplus.com\/wp-content\/uploads\/2023\/01\/QuantiFigli-768x238.jpg 768w\" sizes=\"(max-width: 825px) 100vw, 825px\" \/><\/figure>\n\n\n\n<h2>Combien d&#8217;enfants aurez-vous ?<\/h2>\n\n\n\n<p>Ils disent que les enfants sont heureux! Et de combien avez-vous besoin pour vous rendre heureux? \u00c0 combien \u00eates-vous pr\u00eat \u00e0 donner vie, amour et soins? Faites le test et d\u00e9couvrez combien d&#8217;enfants vous aurez.<\/p>\n\n\n<a href='https:\/\/www.quizetplus.com\/index.php\/quiz\/combien-denfants-aurez-vous\/' class='more-link' >Allez au test &gt;&gt;<\/a>\n\n\n\n<div style=\"height:70px\" aria-hidden=\"true\" class=\"wp-block-spacer\"><\/div>\n\n\n\n<figure class=\"wp-block-image size-large\"><img loading=\"lazy\" width=\"825\" height=\"256\" src=\"https:\/\/www.quizetplus.com\/wp-content\/uploads\/2023\/01\/QuantoAma.jpg\" alt=\"\" class=\"wp-image-390\" srcset=\"https:\/\/www.quizetplus.com\/wp-content\/uploads\/2023\/01\/QuantoAma.jpg 825w, https:\/\/www.quizetplus.com\/wp-content\/uploads\/2023\/01\/QuantoAma-300x93.jpg 300w, https:\/\/www.quizetplus.com\/wp-content\/uploads\/2023\/01\/QuantoAma-768x238.jpg 768w\" sizes=\"(max-width: 825px) 100vw, 825px\" \/><\/figure>\n\n\n\n<h2>A quel point \u00eates-vous aim\u00e9\/es\u00a0?<\/h2>\n\n\n\n<p>\u00c7a va, \u00e7a vient. Les sentiments \u00e9voluent avec la relation, augmentant pour certains, diminuant pour d\u2019autres.<\/p>\n\n\n<a href='https:\/\/www.quizetplus.com\/index.php\/quiz\/a-quel-point-etes-vous-aime-es\/' class='more-link' >Allez au test &gt;&gt;<\/a>\n","protected":false},"excerpt":{"rendered":"<p>Vous pensez tout savoir \u00e0 propos de vous-m\u00eame ? D\u00e9couvrez votre personnalit\u00e9 avec nos nombreux tests psychologiques et quiz gratuits.<\/p>\n","protected":false},"author":1,"featured_media":0,"parent":0,"menu_order":0,"comment_status":"closed","ping_status":"closed","template":"","meta":{"ngg_post_thumbnail":0},"_links":{"self":[{"href":"https:\/\/www.quizetplus.com\/index.php\/wp-json\/wp\/v2\/pages\/21"}],"collection":[{"href":"https:\/\/www.quizetplus.com\/index.php\/wp-json\/wp\/v2\/pages"}],"about":[{"href":"https:\/\/www.quizetplus.com\/index.php\/wp-json\/wp\/v2\/types\/page"}],"author":[{"embeddable":true,"href":"https:\/\/www.quizetplus.com\/index.php\/wp-json\/wp\/v2\/users\/1"}],"replies":[{"embeddable":true,"href":"https:\/\/www.quizetplus.com\/index.php\/wp-json\/wp\/v2\/comments?post=21"}],"version-history":[{"count":41,"href":"https:\/\/www.quizetplus.com\/index.php\/wp-json\/wp\/v2\/pages\/21\/revisions"}],"predecessor-version":[{"id":391,"href":"https:\/\/www.quizetplus.com\/index.php\/wp-json\/wp\/v2\/pages\/21\/revisions\/391"}],"wp:attachment":[{"href":"https:\/\/www.quizetplus.com\/index.php\/wp-json\/wp\/v2\/media?parent=21"}],"curies":[{"name":"wp","href":"https:\/\/api.w.org\/{rel}","templated":true}]}}